{"id":21,"date":"2018-04-20T00:28:25","date_gmt":"2018-04-20T00:28:25","guid":{"rendered":"http:\/\/www.redpopulardeteatro.org\/web\/?page_id=21"},"modified":"2025-06-21T01:12:29","modified_gmt":"2025-06-21T01:12:29","slug":"docu-apt-dian","status":"publish","type":"page","link":"https:\/\/www.redpopulardeteatro.org\/web\/docu-apt-dian\/","title":{"rendered":"Documentos DIAN"},"content":{"rendered":"\n<p><a href=\"https:\/\/www.redpopulardeteatro.org\/web\/wp-content\/uploads\/2025\/06\/1.Informe-Anual-de-Resultados-2024-APT.pdf\" target=\"_blank\" rel=\"noreferrer noopener\">1.Informe Anual de Resultados 2024 APT<\/a><\/p>\n\n\n\n<p><a rel=\"noreferrer noopener\" href=\"https:\/\/www.redpopulardeteatro.org\/web\/wp-content\/uploads\/2025\/06\/2.EstadosFinancieros-APT-2024.pdf\" target=\"_blank\">2.Estados Financieros APT 2024<\/a><\/p>\n\n\n\n<p><a href=\"https:\/\/www.redpopulardeteatro.org\/web\/wp-content\/uploads\/2025\/06\/3.certificacion-requisitos-rl-rf-APT.pdf\" target=\"_blank\" rel=\"noreferrer noopener\">3.Certificaci\u00f3n requisitos rl rf APT<\/a><\/p>\n\n\n\n<p><a href=\"https:\/\/www.redpopulardeteatro.org\/web\/wp-content\/uploads\/2025\/06\/4.certificacion-antecedentes-judiciales-rl-miembros-jd-apt.pdf\" target=\"_blank\" rel=\"noreferrer noopener\">4.Certificaci\u00f3n antecedentes judiciales rl miembros jd apt<\/a><\/p>\n\n\n\n<p><a href=\"https:\/\/www.redpopulardeteatro.org\/web\/wp-content\/uploads\/2025\/06\/5.ActaAsambleaGrl-APT2025.pdf\" target=\"_blank\" rel=\"noreferrer noopener\">5.Acta Asamblea Gral<\/a><\/p>\n\n\n\n<p><a href=\"https:\/\/www.redpopulardeteatro.org\/web\/wp-content\/uploads\/2025\/06\/6.certificacion-apt-personal-directivo.pdf\" target=\"_blank\" rel=\"noreferrer noopener\">6.Certificaci\u00f3n APT personal directivoAPT<\/a><\/p>\n\n\n\n<p><a href=\"https:\/\/www.redpopulardeteatro.org\/web\/wp-content\/uploads\/2025\/06\/7.F2530-Inf-Fundadores.pdf\" target=\"_blank\" rel=\"noreferrer noopener\">7.Formato 2530<\/a><\/p>\n\n\n\n<p><a rel=\"noreferrer noopener\" href=\"https:\/\/www.redpopulardeteatro.org\/web\/wp-content\/uploads\/2025\/06\/8.F2531-cargos-grciales.pdf\" target=\"_blank\">8.Formato 2<\/a><a rel=\"noreferrer noopener\" href=\"https:\/\/www.redpopulardeteatro.org\/web\/wp-content\/uploads\/2024\/06\/8.f2531-cargos-grciales.pdf\" target=\"_blank\">531<\/a><\/p>\n\n\n\n<p><\/p>\n","protected":false},"excerpt":{"rendered":"<p>1.Informe Anual de Resultados 2024 APT 2.Estados Financieros APT 2024 3.Certificaci\u00f3n requisitos rl rf APT 4.Certificaci\u00f3n antecedentes judiciales rl miembros jd apt 5.Acta Asamblea Gral 6.Certificaci\u00f3n APT personal directivoAPT 7.Formato 2530 8.Formato 2531<\/p>\n","protected":false},"author":1,"featured_media":0,"parent":0,"menu_order":0,"comment_status":"closed","ping_status":"closed","template":"","meta":{"footnotes":""},"class_list":["post-21","page","type-page","status-publish","hentry"],"_links":{"self":[{"href":"https:\/\/www.redpopulardeteatro.org\/web\/wp-json\/wp\/v2\/pages\/21","targetHints":{"allow":["GET"]}}],"collection":[{"href":"https:\/\/www.redpopulardeteatro.org\/web\/wp-json\/wp\/v2\/pages"}],"about":[{"href":"https:\/\/www.redpopulardeteatro.org\/web\/wp-json\/wp\/v2\/types\/page"}],"author":[{"embeddable":true,"href":"https:\/\/www.redpopulardeteatro.org\/web\/wp-json\/wp\/v2\/users\/1"}],"replies":[{"embeddable":true,"href":"https:\/\/www.redpopulardeteatro.org\/web\/wp-json\/wp\/v2\/comments?post=21"}],"version-history":[{"count":85,"href":"https:\/\/www.redpopulardeteatro.org\/web\/wp-json\/wp\/v2\/pages\/21\/revisions"}],"predecessor-version":[{"id":287,"href":"https:\/\/www.redpopulardeteatro.org\/web\/wp-json\/wp\/v2\/pages\/21\/revisions\/287"}],"wp:attachment":[{"href":"https:\/\/www.redpopulardeteatro.org\/web\/wp-json\/wp\/v2\/media?parent=21"}],"curies":[{"name":"wp","href":"https:\/\/api.w.org\/{rel}","templated":true}]}}