{"id":2,"date":"2018-04-19T22:53:49","date_gmt":"2018-04-19T22:53:49","guid":{"rendered":"http:\/\/www.redpopulardeteatro.org\/web\/?page_id=2"},"modified":"2022-03-25T15:44:10","modified_gmt":"2022-03-25T15:44:10","slug":"pagina-ejemplo","status":"publish","type":"page","link":"https:\/\/www.redpopulardeteatro.org\/web\/","title":{"rendered":"La Red"},"content":{"rendered":"<p style=\"text-align: justify;\">La <strong>Red Popular de Teatro<\/strong> es una organizaci\u00f3n de base, de segundo grado con estructura en red, conformada en el a\u00f1o 1989. Surge de la necesidad de asociaci\u00f3n de los grupos juveniles teatrales conformados como resultado del programa \u201cJ\u00f3venes, Teatro y Comunidad\u201d, y su prop\u00f3sito es generar mayor autonom\u00eda y autodeterminaci\u00f3n y contribuir a potenciar el impacto de su actividad teatral comunitaria en red, en la regi\u00f3n.<\/p>\n<p style=\"text-align: justify;\">Es una organizaci\u00f3n de base comunitaria que desde entonces cuenta con autonom\u00eda jur\u00eddica, intereses y finalidades propias, que enlaza y potencia el quehacer art\u00edstico y el accionar social de los grupos teatrales juveniles asociados y que se constituye desde entonces en un logro organizativo muy importante, desde el referente de la pr\u00e1ctica comunitaria del teatro, con trayectoria y amplio reconocimiento social e institucional en la regi\u00f3n.<\/p>\n<p style=\"text-align: justify;\">La <strong>Red Popular de Teatro<\/strong> \u2013 <strong>APT<\/strong> &#8211; est\u00e1 conformada actualmente por doce (12) grupos teatrales juveniles de base integrados por cerca de 400 j\u00f3venes, ni\u00f1os y ni\u00f1as pertenecientes a seis (6) comunas de Cali, en la zona oriente y el sector de Ladera: comunas 1, 13, 14, 15 18 y 20 y, seis (6) municipios del Valle y Norte del Cauca: Candelaria, Pradera, Miranda, Corinto, Puerto Tejada y Buenos Aires.<\/p>\n<p style=\"text-align: justify;\">A la fecha, se han realizado quince (15) ediciones del proyecto Circuito de Teatro Foro, en 6 comunas del Distrito de Aguablanca y Ladera en Cali, priorizadas seg\u00fan la estrategia TIOS de la Alcald\u00eda de Cali. as\u00ed: I Circuito de Teatro Foro a\u00f1o 2006 <strong>\u201cEntend\u00e1monos en Justicia\u201d<\/strong>, II Circuito de Teatro Foro a\u00f1o 2007 <strong>\u201cEntend-DAB-Monos Sin Violencia\u201d<\/strong>, III Circuito de Teatro Foro, a\u00f1o 2008 <strong>\u201cCuentos de Calicanto para ni\u00f1os con encanto\u201d<\/strong>, IV Circuito de Teatro Foro a\u00f1o 2009 <strong>\u201cBip y Pop\u2026los cibernautas\u201d<\/strong>, V Circuito de Teatro Foro a\u00f1o 2010 <strong>\u201cLos cuentos del cocuyo\u2026cuentan contigo\u201d<\/strong>, VI Circuito de Teatro Foro a\u00f1o 2011 <strong>\u201cSancho Panza Gobernador\u201d<\/strong>, VII Circuito de Teatro Foro a\u00f1o 2012 <strong>\u201cLos caprichos de la guerra\u201d<\/strong>, El VIII Circuito de Teatro Foro a\u00f1o 2013 <strong>\u201cEl Juicio\u201d<\/strong>, IX Circuito De Teatro Foro A\u00f1o 2014 <strong>\u201cEl lenguaje de los animales\u201d<\/strong>, X Circuito De Teatro Foro A\u00f1o 2015 <strong>\u201cEl Quijotiz de la Mancha\u201d<\/strong>; XI Circuito De Teatro Foro A\u00f1o 2016 <strong>\u201cSexo Con-Sentido\u201d<\/strong> y el XII Circuito De Teatro Foro A\u00f1o 2017 <strong>\u201cLa fiesta de las aves\u201d<\/strong>.<\/p>\n<p style=\"text-align: justify;\">Se han realizado treinta (34) versiones del evento con la participaci\u00f3n de m\u00e1s de 500.000 personas, en asocio con el Teatro Esquina Latina. Relacionamos las \u00faltimas cinco versiones del Encuentro entre otros: <strong>\u201cLatido social del teatro\u201d<\/strong> (2009), <strong>\u201cJ\u00f3venes actuando derechos por la paz\u201d<\/strong> (2010) y <strong>\u201cJ\u00f3venes, Teatro y Comunidad\u201d<\/strong> (2011), <strong>&#8220;J\u00f3venes, Teatro y Comunidad&#8221;<\/strong> (2012) y <strong>\u201cSalud, Paz y Ambiente\u201d<\/strong> (2013); <strong>\u201cSalud, Paz y Ambiente\u201d<\/strong> Patrimonio Cultural de Santiago de Cali (2014), <strong>\u201cSalud, Paz y Ambiente\u201d<\/strong> (2015), <strong>\u201cActuando derechos por la paz\u201d<\/strong> (2016),\u00a0<strong>\u201cEncuentro Popular de Teatro, 30 A\u00f1os\u201d<\/strong> (2017),\u00a0<strong>\u201cXXXI Encuentro Popular de Teatro\u201d <\/strong>(2018),\u00a0<strong>\u201cXXXII Encuentro Popular de Teatro &#8211; Salud, Paz y Ambiente\u201d <\/strong>(2019),\u00a0<strong>\u201cXXXIII Encuentro Popular de Teatro &#8211; En tiempos de Pandemia\u201d <\/strong>(2020) y el\u00a0<strong>\u201cXXXIV Encuentro Popular de Teatro\u201d <\/strong>(2021).<\/p>\n","protected":false},"excerpt":{"rendered":"<p>La Red Popular de Teatro es una organizaci\u00f3n de base, de segundo grado con estructura en red, conformada en el a\u00f1o 1989. Surge de la necesidad de asociaci\u00f3n de los grupos juveniles teatrales conformados como resultado del programa \u201cJ\u00f3venes, Teatro y Comunidad\u201d, y su prop\u00f3sito es generar mayor autonom\u00eda y autodeterminaci\u00f3n y contribuir a potenciar &hellip; <\/p>\n<p class=\"link-more\"><a href=\"https:\/\/www.redpopulardeteatro.org\/web\/\" class=\"more-link\">Continuar leyendo<span class=\"screen-reader-text\"> &#8220;La Red&#8221;<\/span><\/a><\/p>\n","protected":false},"author":1,"featured_media":0,"parent":0,"menu_order":0,"comment_status":"closed","ping_status":"open","template":"","meta":{"footnotes":""},"class_list":["post-2","page","type-page","status-publish","hentry"],"_links":{"self":[{"href":"https:\/\/www.redpopulardeteatro.org\/web\/wp-json\/wp\/v2\/pages\/2","targetHints":{"allow":["GET"]}}],"collection":[{"href":"https:\/\/www.redpopulardeteatro.org\/web\/wp-json\/wp\/v2\/pages"}],"about":[{"href":"https:\/\/www.redpopulardeteatro.org\/web\/wp-json\/wp\/v2\/types\/page"}],"author":[{"embeddable":true,"href":"https:\/\/www.redpopulardeteatro.org\/web\/wp-json\/wp\/v2\/users\/1"}],"replies":[{"embeddable":true,"href":"https:\/\/www.redpopulardeteatro.org\/web\/wp-json\/wp\/v2\/comments?post=2"}],"version-history":[{"count":8,"href":"https:\/\/www.redpopulardeteatro.org\/web\/wp-json\/wp\/v2\/pages\/2\/revisions"}],"predecessor-version":[{"id":230,"href":"https:\/\/www.redpopulardeteatro.org\/web\/wp-json\/wp\/v2\/pages\/2\/revisions\/230"}],"wp:attachment":[{"href":"https:\/\/www.redpopulardeteatro.org\/web\/wp-json\/wp\/v2\/media?parent=2"}],"curies":[{"name":"wp","href":"https:\/\/api.w.org\/{rel}","templated":true}]}}